{"id":1660,"date":"2013-02-06T13:18:05","date_gmt":"2013-02-06T11:18:05","guid":{"rendered":"http:\/\/berlin.school-of-english.de\/pages\/?page_id=1660"},"modified":"2024-04-15T19:22:15","modified_gmt":"2024-04-15T17:22:15","slug":"deutschlandweite-angebote","status":"publish","type":"page","link":"https:\/\/berlin.school-of-english.de\/pages\/ueber-uns\/deutschlandweite-angebote\/","title":{"rendered":"Deutschlandweite Angebote (ASSET)"},"content":{"rendered":"<p><a href=\"https:\/\/www.asset-schools.com\/\" rel=\"noopener\" target=\"_blank\"><img loading=\"lazy\" decoding=\"async\" class=\"alignright wp-image-2601\" style=\"margin-top: 5px;\" src=\"\/pages\/wp-content\/uploads\/asset_200.jpg\" alt=\"asset_200\" width=\"140\" height=\"95\" \/><\/a>\n<style type=\"text\/css\">#dropcap-counter-1.g1-dropcap.g1-type-simple,\n#dropcap-counter-1.g1-dropcap.g1-type-square {\ncolor: #072b79;\n}\n<\/style>\n<span id=\"dropcap-counter-1\" class=\"g1-dropcap g1-type-simple\" ><span>S<\/span><\/span>ie ben\u00f6tigen praxisnahen und kommunikativen Englischunterricht an verschiedenen Standorten in Deutschland? Profitieren Sie vom A.S.S.E.T.-Netzwerk. Koordiniert durch einen Ansprechpartner f\u00fcr Sie bieten wir Ihnen Qualit\u00e4tsunterricht in allen gro\u00dfen deutschen St\u00e4dten.<\/p>\n<p>2001 gegr\u00fcndet, ist A.S.S.E.T. (Association Of Select Schools For English Training) ein deutschlandweiter Verbund unabh\u00e4ngiger Sprachschulen, die auf professionelles Englischtraining spezialisiert sind und auf mehr als 500 p\u00e4dagogisch qualifizierte und erfahrene muttersprachliche Trainer zur\u00fcckgreifen.<\/p>\n<p><img loading=\"lazy\" decoding=\"async\" class=\"alignleft wp-image-3463\" style=\"margin-top: 5px;\" src=\"\/pages\/wp-content\/uploads\/ASSETmeetingBerlin-April2013-450.jpg\" alt=\"ASSETmeetingBerlin-April2013-450\" width=\"405\" height=\"222\" \/>Jede A.S.S.E.T.-Sprachschule wurde aufgrund ihres hervorragenden Rufes in ihrer jeweiligen Region ausgew\u00e4hlt und hat sich auf die Einhaltung gemeinsamer Qualit\u00e4tskriterien verpflichtet. Dazu geh\u00f6rt, die Kursstandards st\u00e4ndig zu \u00fcberpr\u00fcfen und die angebotenen Dienstleistungen kontinuierlich zu verbessern. Damit garantieren Ihnen die A.S.S.E.T.-Schulen nicht nur dieselbe hohe p\u00e4dagogische Qualit\u00e4t des Unterrichts, sondern auch ein vergleichbares Angebot an Englisch-Kursen bei gleichem Preis-Leistungsverh\u00e4ltnis.<\/p>\n<p>Weitere Informationen \u00fcber A.S.S.E.T. finden Sie hier: <a href=\"https:\/\/www.asset-schools.com\/\" target=\"_blank\" rel=\"noopener noreferrer\">www.asset-schools.com<\/a><\/p>\n\n<ul class=\"g1-type-heart\">\n<li><b>Berlin<\/b>: <a href=\"http:\/\/berlin.school-of-english.de\" target=\"_blank\" rel=\"noopener noreferrer\">berlin.school-of-english.de<\/a><\/li>\n<li><b>Essen<\/b>: <a href=\"http:\/\/www.stevens-english.de\" target=\"_blank\" rel=\"noopener noreferrer\">stevens-english.de<\/a><\/li>\n<li><b>Hamburg<\/b>: <a href=\"\/\">hamburg.school-of-english.de<\/a><\/li>\n<li><b>Karlsruhe<\/b>: <a href=\"http:\/\/www.linc-training.de\" target=\"_blank\" rel=\"noopener noreferrer\">linc-training.de<\/a><\/li>\n<li><b>M\u00fcnchen<\/b>: <a href=\"http:\/\/www.crossculture.com\/muenchen\" target=\"_blank\" rel=\"noopener noreferrer\">crossculture.com\/muenchen<\/a><\/li>\n<li><b>M\u00fcnster<\/b>: <a href=\"http:\/\/www.muensterteam.com\/\" target=\"_blank\" rel=\"noopener noreferrer\">muensterteam.de<\/a><\/li>\n<li><b>Stuttgart<\/b>: <a href=\"http:\/\/www.anglo-german.com\" target=\"_blank\" rel=\"noopener noreferrer\">anglo-german.com<\/a><\/li>\n<\/ul>\n\n","protected":false},"excerpt":{"rendered":"<p>ie ben\u00f6tigen praxisnahen und kommunikativen Englischunterricht an verschiedenen Standorten in Deutschland? Profitieren Sie vom A.S.S.E.T.-Netzwerk. Koordiniert durch einen Ansprechpartner f\u00fcr Sie bieten wir Ihnen Qualit\u00e4tsunterricht in allen gro\u00dfen deutschen St\u00e4dten. 2001 gegr\u00fcndet, ist A.S.S.E.T. (Association Of Select Schools For English Training) ein deutschlandweiter Verbund unabh\u00e4ngiger Sprachschulen, die auf professionelles Englischtraining spezialisiert sind und auf mehr [&hellip;]<\/p>\n","protected":false},"author":6,"featured_media":0,"parent":1189,"menu_order":20,"comment_status":"closed","ping_status":"closed","template":"g1_template_page_nav_left.php","meta":{"footnotes":""},"class_list":["post-1660","page","type-page","status-publish","hentry"],"aioseo_notices":[],"_links":{"self":[{"href":"https:\/\/berlin.school-of-english.de\/pages\/wp-json\/wp\/v2\/pages\/1660","targetHints":{"allow":["GET"]}}],"collection":[{"href":"https:\/\/berlin.school-of-english.de\/pages\/wp-json\/wp\/v2\/pages"}],"about":[{"href":"https:\/\/berlin.school-of-english.de\/pages\/wp-json\/wp\/v2\/types\/page"}],"author":[{"embeddable":true,"href":"https:\/\/berlin.school-of-english.de\/pages\/wp-json\/wp\/v2\/users\/6"}],"replies":[{"embeddable":true,"href":"https:\/\/berlin.school-of-english.de\/pages\/wp-json\/wp\/v2\/comments?post=1660"}],"version-history":[{"count":59,"href":"https:\/\/berlin.school-of-english.de\/pages\/wp-json\/wp\/v2\/pages\/1660\/revisions"}],"predecessor-version":[{"id":6562,"href":"https:\/\/berlin.school-of-english.de\/pages\/wp-json\/wp\/v2\/pages\/1660\/revisions\/6562"}],"up":[{"embeddable":true,"href":"https:\/\/berlin.school-of-english.de\/pages\/wp-json\/wp\/v2\/pages\/1189"}],"wp:attachment":[{"href":"https:\/\/berlin.school-of-english.de\/pages\/wp-json\/wp\/v2\/media?parent=1660"}],"curies":[{"name":"wp","href":"https:\/\/api.w.org\/{rel}","templated":true}]}}