{"id":1671,"date":"2013-02-06T13:29:12","date_gmt":"2013-02-06T11:29:12","guid":{"rendered":"http:\/\/berlin.school-of-english.de\/pages\/?page_id=1671"},"modified":"2018-02-19T13:28:41","modified_gmt":"2018-02-19T11:28:41","slug":"sprachkurse-bei-der-bse","status":"publish","type":"page","link":"https:\/\/berlin.school-of-english.de\/pages\/kurse\/sprachkurse-bei-der-bse\/","title":{"rendered":"Sprachkurse an der BSE"},"content":{"rendered":"<span id=\"frame-counter-1\" class=\"g1-frame g1-type-simple aligncenter\">\n\t<span class=\"g1-decorator\">\n\t\t<span class=\"g1-outer\">\n\t\t\t<span class=\"g1-inner\">\n\t\t\t\t\n<p>Sie denken dar\u00fcber nach, einen Sprachkurs zu besuchen? Das letzte Mal haben Sie Englisch in der Schule gesprochen und beim letzten Urlaub f\u00fchlten Sie sich eher unsicher? Oder Sie sind auf der Suche nach einem neuen Job, aber in allen Ausschreibungen werden flie\u00dfende Englischkenntnisse verlangt?<\/p>\n\n\t\t\t\t<span class=\"g1-indicator g1-type-document\"><span><\/span><span><\/span><\/span>\n\t\t\t<\/span>\t\t\t<span class=\"g1-01\"><\/span><span class=\"g1-02\"><\/span><span class=\"g1-03\"><\/span><span class=\"g1-04\"><\/span><span class=\"g1-05\"><\/span><span class=\"g1-06\"><\/span><span class=\"g1-07\"><\/span><span class=\"g1-08\"><\/span>\n\t\t<\/span>\n\t<\/span>\n<\/span>\n<p><img loading=\"lazy\" decoding=\"async\" class=\"alignleft size-full wp-image-3726\" src=\"http:\/\/berlin.school-of-english.de\/pages\/wp-content\/uploads\/Englisch-Sprachkurse-BSoE.jpg\" alt=\"Englisch-Sprachkurse-BSE\" width=\"776\" height=\"110\" srcset=\"https:\/\/berlin.school-of-english.de\/pages\/wp-content\/uploads\/Englisch-Sprachkurse-BSoE.jpg 776w, https:\/\/berlin.school-of-english.de\/pages\/wp-content\/uploads\/Englisch-Sprachkurse-BSoE-300x42.jpg 300w\" sizes=\"auto, (max-width: 776px) 100vw, 776px\" \/>\n<style type=\"text\/css\">#dropcap-counter-1.g1-dropcap.g1-type-simple,\n#dropcap-counter-1.g1-dropcap.g1-type-square {\ncolor: #072b79;\n}\n<\/style>\n<span id=\"dropcap-counter-1\" class=\"g1-dropcap g1-type-simple\" ><span>D<\/span><\/span>ie Sprachkurse an der BERLIN SCHOOL OF ENGLISH orientieren sich an Ihren Bed\u00fcrfnissen und Ihrem Zeitrahmen. Ob intensive Sprachkurse tags\u00fcber, intensiver oder regelm\u00e4\u00dfiger Einzelunterricht oder ein w\u00f6chentlicher Kurs am Abend \u2013 unsere Programme sind vielf\u00e4ltig und kombinierbar.<\/p>\n<p>F\u00fcr die Auswahl eines geeigneten Kurses ben\u00f6tigen wir die pr\u00e4zise Kenntnis Ihres aktuellen Vorkenntnisstandes. Diese verschaffen wir uns in einem pers\u00f6nlichen m\u00fcndlichen Einstufungstest, f\u00fcr den Sie telefonisch einen Termin vereinbaren. Nach dem Gespr\u00e4ch definieren wir gemeinsam realistische Ziele und unterbreiten Ihnen ein passendes Angebot.<\/p>\n<p>Bei der Einsch\u00e4tzung Ihrer Sprachkenntnisse orientieren wir uns am <a title=\"Kursstufen laut GER\" href=\"http:\/\/berlin.school-of-english.de\/pages\/ressourcen\/kursstufen-laut-ger\/\">Gemeinsamen Europ\u00e4ischen Referenzrahmen f\u00fcr Fremdsprachen (GER)<\/a>. F\u00fcr alle Neugierigen gibt es <a title=\"Einstufungstest\" href=\"http:\/\/berlin.school-of-english.de\/pages\/ressourcen\/einstufungstest-englisch\/\">hier einen Online-Test<\/a>. Eine Bewertung und die korrigierte Version des Tests erhalten Sie zeitnah per E-Mail. Der Online-Test ersetzt jedoch nicht das pers\u00f6nliche Gespr\u00e4ch, bei dem wir einen Eindruck von Ihrem H\u00f6rverst\u00e4ndnis und Sprachverm\u00f6gen erhalten.<\/p>\n<div id=\"testimonial-counter-1\" class=\"g1-testimonial g1-type-bubble g1-size-small\" ><div class=\"g1-inner\">\n<p>Schauen Sie sich um oder rufen Sie uns an, um einen Termin f\u00fcr ein Einstufungsgespr\u00e4ch zu vereinbaren. Wir beraten Sie gern telefonisch unter <span class=\"tel_no_in_box\">030-2290455<\/span> oder per E-Mail unter <a href=\"&#x6d;&#97;&#x69;&#x6c;&#116;&#x6f;&#58;i&#x6e;&#102;o&#x40;&#98;e&#x72;&#108;i&#x6e;&#46;&#x73;&#x63;&#104;&#x6f;&#x6f;&#108;&#x2d;&#111;f&#x2d;&#101;n&#x67;&#108;i&#x73;&#104;&#46;&#x64;&#101;\">&#105;&#x6e;f&#111;&#x40;b&#101;&#x72;l&#105;&#x6e;&#46;&#115;&#x63;h&#111;&#x6f;l&#45;&#x6f;f&#45;&#x65;n&#103;&#x6c;i&#115;&#x68;&#46;&#100;&#x65;<\/a> zu den Sprachkursen bei uns.<\/p>\n<div class=\"g1-meta helper\">&#8220;<\/div><\/div><p class=\"meta\"><\/p><\/div>\n","protected":false},"excerpt":{"rendered":"<p>ie Sprachkurse an der BERLIN SCHOOL OF ENGLISH orientieren sich an Ihren Bed\u00fcrfnissen und Ihrem Zeitrahmen. Ob intensive Sprachkurse tags\u00fcber, intensiver oder regelm\u00e4\u00dfiger Einzelunterricht oder ein w\u00f6chentlicher Kurs am Abend \u2013 unsere Programme sind vielf\u00e4ltig und kombinierbar. F\u00fcr die Auswahl eines geeigneten Kurses ben\u00f6tigen wir die pr\u00e4zise Kenntnis Ihres aktuellen Vorkenntnisstandes. Diese verschaffen wir uns [&hellip;]<\/p>\n","protected":false},"author":6,"featured_media":0,"parent":33,"menu_order":10,"comment_status":"closed","ping_status":"closed","template":"g1_template_page_nav_left.php","meta":{"footnotes":""},"class_list":["post-1671","page","type-page","status-publish","hentry"],"aioseo_notices":[],"_links":{"self":[{"href":"https:\/\/berlin.school-of-english.de\/pages\/wp-json\/wp\/v2\/pages\/1671","targetHints":{"allow":["GET"]}}],"collection":[{"href":"https:\/\/berlin.school-of-english.de\/pages\/wp-json\/wp\/v2\/pages"}],"about":[{"href":"https:\/\/berlin.school-of-english.de\/pages\/wp-json\/wp\/v2\/types\/page"}],"author":[{"embeddable":true,"href":"https:\/\/berlin.school-of-english.de\/pages\/wp-json\/wp\/v2\/users\/6"}],"replies":[{"embeddable":true,"href":"https:\/\/berlin.school-of-english.de\/pages\/wp-json\/wp\/v2\/comments?post=1671"}],"version-history":[{"count":40,"href":"https:\/\/berlin.school-of-english.de\/pages\/wp-json\/wp\/v2\/pages\/1671\/revisions"}],"predecessor-version":[{"id":5365,"href":"https:\/\/berlin.school-of-english.de\/pages\/wp-json\/wp\/v2\/pages\/1671\/revisions\/5365"}],"up":[{"embeddable":true,"href":"https:\/\/berlin.school-of-english.de\/pages\/wp-json\/wp\/v2\/pages\/33"}],"wp:attachment":[{"href":"https:\/\/berlin.school-of-english.de\/pages\/wp-json\/wp\/v2\/media?parent=1671"}],"curies":[{"name":"wp","href":"https:\/\/api.w.org\/{rel}","templated":true}]}}