{"id":1709,"date":"2013-02-06T13:57:21","date_gmt":"2013-02-06T11:57:21","guid":{"rendered":"http:\/\/berlin.school-of-english.de\/pages\/?page_id=1709"},"modified":"2025-07-16T15:32:34","modified_gmt":"2025-07-16T13:32:34","slug":"foerdermoeglichkeiten","status":"publish","type":"page","link":"https:\/\/berlin.school-of-english.de\/pages\/kurse\/foerdermoeglichkeiten\/","title":{"rendered":"F\u00f6rderm\u00f6glichkeiten"},"content":{"rendered":"<p>\n<style type=\"text\/css\">#dropcap-counter-1.g1-dropcap.g1-type-simple,\n#dropcap-counter-1.g1-dropcap.g1-type-square {\ncolor: #072b79;\n}\n<\/style>\n<span id=\"dropcap-counter-1\" class=\"g1-dropcap g1-type-simple\" ><span>D<\/span><\/span>ie BERLIN SCHOOL OF ENGLISH verf\u00fcgt \u00fcber folgende, best\u00e4tigte Zertifizierungen f\u00fcr Ma\u00dfnahmen der beruflichen Weiterbildung (Bildungsgutschein):<\/p>\n<ul class=\"g1-grid\"><li class=\"g1-column g1-two-third g1-valign-top\"><br \/>\n\n<ul class=\"g1-type-heart\">\n<li>Zertifizierung des Qualit\u00e4tsmanagementsystems<\/li>\n<li>Zertifizierung als Tr\u00e4ger f\u00fcr die F\u00f6rderung der beruflichen Weiterbildung nach Anerkennungs- und Zulassungsverordnung berufliche Weiterbildung (AZAV)<\/li>\n<li>Zertifizierung von Ma\u00dfnahmen der beruflichen Weiterbildung nach SGB III \u00a7 81 (Bildungsgutscheinverfahren) nach Anerkennungs- und Zulassungsverordnung berufliche Weiterbildung (AZAV)<\/li>\n<li>Zertifizierung von Ma\u00dfnahmen zu Aktivierung und Eingliederung nach SGB III \u00a745 Absatz 1 Punkt 2 (Aktivierungs- und Vermittlungsgutschein &#8211; AVGS) nach Anerkennungs- und Zulassungsverordnung berufliche Weiterbildung (AZAV)<\/li>\n<\/ul>\n<br \/>\n<\/li><!-- --><li class=\"g1-column g1-one-third g1-valign-top\">\n<\/li><!-- --><\/ul>\n<p>Damit erf\u00fcllt die Englischschule BERLIN SCHOOL OF ENGLISH die Kriterien f\u00fcr die F\u00f6rderung ihrer Kurse durch:<\/p>\n\n<ul class=\"g1-type-heart\">\n<li><a title=\"Bildungsgutschein\" href=\"https:\/\/www.arbeitsagentur.de\/karriere-und-weiterbildung\/bildungsgutschein\" target=\"_blank\" rel=\"noopener\">Bildungsgutschein<\/a> \u00fcber Mittel der <a title=\"BGS Kurse auf MeinNow\" href=\"https:\/\/mein-now.de\/weiterbildungssuche\/?seite=0&amp;sw=englisch%20f%C3%BCr%20den%20beruf%20berlin%20school%20of%20english&amp;angebot=10313461482\" target=\"_blank\" rel=\"noopener\">Agenturen f\u00fcr Arbeit\/ JobCenter\u00a0<\/a><\/li>\n<li><a href=\"https:\/\/www.arbeitsagentur.de\/arbeitslos-arbeit-finden\/aktivierungs-vermittlungsgutschein-avgs\" target=\"_blank\" rel=\"noopener\">Aktivierungs- und Vermittlungsgutschein (AVGS)<\/a> \u00fcber Mittel der Agenturen f\u00fcr <a title=\"AVGS Kursnet\" href=\"https:\/\/web.arbeitsagentur.de\/coachingundaktivierung\/suche\/aktivierungsangebot\/312876478?mz=SA%2001&amp;uk=Bundesweit&amp;pg=0&amp;ssw=Activate%2520your%2520business%2520english\" target=\"_blank\" rel=\"noopener\">Arbeit\/ JobCenter<\/a><\/li>\n<\/ul>\n\n<h4>F\u00f6rderm\u00f6glichkeiten f\u00fcr Privatkunden<\/h4>\n<p><strong>Bildungsgutschein<\/strong><\/p>\n<p>Folgende Ma\u00dfnahmen sind bei uns als zertifizierter Englischschule \u00fcber das Bildungsgutschein-Verfahren f\u00fcr Kunden der Agenturen f\u00fcr Arbeit \/ JobCenter zug\u00e4nglich (Ma\u00dfnahmenummern liegen vor):<\/p>\n<ul class=\"g1-grid\"><li class=\"g1-column g1-one-half g1-valign-top\">\n<div id=\"box-counter-1\" class=\"g1-box\" >\n<div id=\"box-header-counter-1\" class=\"g1-box-header\" >\n<h3>Englisch f\u00fcr den Beruf<\/h3>\n<\/div>\n<div id=\"box-content-counter-1\" class=\"g1-box-content\" ><div class=\"g1-inner\">\n<p>Mo-Fr 9.30-17.00 Uhr<br \/>\nStart 14-t\u00e4gig<\/p>\n\n<ul class=\"g1-type-heart\">\n<li>Englisch f\u00fcr den Beruf &#8211; 4 Wochen Vollzeit, 172 Unterrichtsstunden (Ma\u00dfnahmenummer: 962-552-2024)<\/li>\n<li>Englisch f\u00fcr den Beruf &#8211; 8 Wochen Vollzeit, 344 Unterrichtsstunden (Ma\u00dfnahmenummer: 962-542-2024)<\/li>\n<li>Englisch f\u00fcr den Beruf &#8211; 12 Wochen Vollzeit, 516 Unterrichtsstunden (Ma\u00dfnahmenummer: 962-538-2024)<\/li>\n<\/ul>\n\n<\/div><div class=\"g1-background\"><\/div><\/div>\n<\/div>\n<\/li><!-- --><li class=\"g1-column g1-one-half g1-valign-top\">\n<p>&nbsp;<\/p>\n<div id=\"box-counter-2\" class=\"g1-box\" >\n<div id=\"box-header-counter-2\" class=\"g1-box-header\" >\n<h3>Lehrerausbildungskurse<\/h3>\n<\/div>\n<div id=\"box-content-counter-2\" class=\"g1-box-content\" ><div class=\"g1-inner\">\n<p>Kurstermine finden Sie <a href=\"https:\/\/berlin.school-of-english.de\/pages\/celta-delta-trainerausbildung\/teacher-training-centre\/dates-and-fees\/\"><strong>hier<\/strong><\/a><\/p>\n\n<ul class=\"g1-type-heart\">\n<li>Vollzeit Cambridge University CELTA-Kurs &#8211; 22 Tage (2 Tage und 4 Wochen), 9.00-18.00 Uhr, Ma\u00dfnahmenummer: 962-641-2024<\/li>\n<li>Teilzeit Cambridge University CELTA-Kurs &#8211; 13 Wochen, Di, Do und Sa, Ma\u00dfnahmenummer: folgt<\/li>\n<\/ul>\n\n<\/div><div class=\"g1-background\"><\/div><\/div>\n<\/div>\n<\/li><!-- --><\/ul>\n<p><strong>Aktivierungs- und Vermittlungsgutschein (AVGS)<\/strong><\/p>\n<div id=\"box-counter-3\" class=\"g1-box\" >\n<div id=\"box-header-counter-3\" class=\"g1-box-header\" >\n<h3>Activate your Business English im Einzeltraining<\/h3>\n<\/div>\n<div id=\"box-content-counter-3\" class=\"g1-box-content\" ><div class=\"g1-inner\">\n<p>A) Vollzeit Mo-Fr 9.30-17.00 Uhr oder<br \/>\nB) Teilzeit mit flexibeler Termingestaltung mit 2&#215;90 min pro Tag, z.B. 11.15-14.45 oder 15.00-18.15 Uhr<br \/>\nStart w\u00f6chentlich<\/p>\n\n<ul class=\"g1-type-heart\">\n<li>Activate your Business English &#8211; 8 Wochen Teilzeit Einzel, 160 Unterrichtsstunden (im Pr\u00e4zenz &#8211; Ma\u00dfnahmenummer: 962-140-24; Virtuell &#8211; Ma\u00dfnahmenummer: 962-147-24; hybrid &#8211; Ma\u00dfnahmenummer: 962-145-24)<\/li>\n<li>Activate your Business English &#8211; 4 Wochen Teilzeit Einzel, 80 Unterrichtsstunden (Ma\u00dfnahmenummer: 962-165-24)<\/li>\n<\/ul>\n\n<\/div><div class=\"g1-background\"><\/div><\/div>\n<\/div>\n<ul class=\"g1-grid\"><li class=\"g1-column g1-one-half g1-valign-top\"><\/li><!-- --><\/ul>\n<p>Sie finden unsere Kurse im Kursnet des Arbeitsamtes unter der Anbieter-Nummer 81955. Weitere Informationen finden Sie auf unserer Webseite bei <a title=\"Kurse f\u00fcr Arbeitssuchende\" href=\"http:\/\/berlin.school-of-english.de\/pages\/englischkurse\/sprachkurse-bei-der-bse\/kurse-fur-arbeitssuchende\/\">Kurse f\u00fcr Arbeitssuchende<\/a>.<\/p>\n<div id=\"testimonial-counter-1\" class=\"g1-testimonial g1-type-bubble g1-size-small\" ><div class=\"g1-inner\"> Bei weiteren Fragen zu den F\u00f6rderm\u00f6glichkeiten unserer Kurse kommen Sie gern jederzeit auf uns zu: telefonisch <span class=\"tel_no_in_box\">030-2290455<\/span> oder per E-Mail <a href=\"&#x6d;a&#x69;&#108;t&#x6f;&#58;&#x69;&#110;f&#x6f;&#64;&#x62;&#101;r&#x6c;&#105;&#x6e;&#x2e;s&#x63;&#104;o&#x6f;&#108;&#x2d;&#111;f&#x2d;&#101;&#x6e;&#103;l&#x69;&#115;&#x68;&#x2e;d&#x65;\">&#x69;&#x6e;&#102;&#111;&#64;b&#x65;&#x72;&#x6c;&#105;n&#46;&#x73;&#x63;&#x68;&#111;&#111;l&#x2d;&#x6f;&#x66;&#45;&#101;n&#x67;&#x6c;&#x69;&#115;&#104;&#46;d&#x65;<\/a>.<\/p>\n<div class=\"g1-meta helper\">&#8220;<\/div><\/div><p class=\"meta\"><\/p><\/div>\n","protected":false},"excerpt":{"rendered":"<p>ie BERLIN SCHOOL OF ENGLISH verf\u00fcgt \u00fcber folgende, best\u00e4tigte Zertifizierungen f\u00fcr Ma\u00dfnahmen der beruflichen Weiterbildung (Bildungsgutschein): Damit erf\u00fcllt die Englischschule BERLIN SCHOOL OF ENGLISH die Kriterien f\u00fcr die F\u00f6rderung ihrer Kurse durch: F\u00f6rderm\u00f6glichkeiten f\u00fcr Privatkunden Bildungsgutschein Folgende Ma\u00dfnahmen sind bei uns als zertifizierter Englischschule \u00fcber das Bildungsgutschein-Verfahren f\u00fcr Kunden der Agenturen f\u00fcr Arbeit \/ JobCenter [&hellip;]<\/p>\n","protected":false},"author":6,"featured_media":0,"parent":33,"menu_order":40,"comment_status":"closed","ping_status":"closed","template":"g1_template_page_nav_left.php","meta":{"footnotes":""},"class_list":["post-1709","page","type-page","status-publish","hentry"],"aioseo_notices":[],"_links":{"self":[{"href":"https:\/\/berlin.school-of-english.de\/pages\/wp-json\/wp\/v2\/pages\/1709","targetHints":{"allow":["GET"]}}],"collection":[{"href":"https:\/\/berlin.school-of-english.de\/pages\/wp-json\/wp\/v2\/pages"}],"about":[{"href":"https:\/\/berlin.school-of-english.de\/pages\/wp-json\/wp\/v2\/types\/page"}],"author":[{"embeddable":true,"href":"https:\/\/berlin.school-of-english.de\/pages\/wp-json\/wp\/v2\/users\/6"}],"replies":[{"embeddable":true,"href":"https:\/\/berlin.school-of-english.de\/pages\/wp-json\/wp\/v2\/comments?post=1709"}],"version-history":[{"count":69,"href":"https:\/\/berlin.school-of-english.de\/pages\/wp-json\/wp\/v2\/pages\/1709\/revisions"}],"predecessor-version":[{"id":6824,"href":"https:\/\/berlin.school-of-english.de\/pages\/wp-json\/wp\/v2\/pages\/1709\/revisions\/6824"}],"up":[{"embeddable":true,"href":"https:\/\/berlin.school-of-english.de\/pages\/wp-json\/wp\/v2\/pages\/33"}],"wp:attachment":[{"href":"https:\/\/berlin.school-of-english.de\/pages\/wp-json\/wp\/v2\/media?parent=1709"}],"curies":[{"name":"wp","href":"https:\/\/api.w.org\/{rel}","templated":true}]}}