{"id":2320,"date":"2013-03-16T16:11:06","date_gmt":"2013-03-16T14:11:06","guid":{"rendered":"http:\/\/berlin.school-of-english.de\/pages\/?page_id=2320"},"modified":"2025-06-11T10:57:35","modified_gmt":"2025-06-11T08:57:35","slug":"kurse-fur-arbeitssuchende","status":"publish","type":"page","link":"https:\/\/berlin.school-of-english.de\/pages\/kurse\/sprachkurse-bei-der-bse\/kurse-fur-arbeitssuchende\/","title":{"rendered":"Kurse f\u00fcr Arbeitsuchende"},"content":{"rendered":"<p>\n<style type=\"text\/css\">#dropcap-counter-1.g1-dropcap.g1-type-simple,\n#dropcap-counter-1.g1-dropcap.g1-type-square {\ncolor: #072b79;\n}\n<\/style>\n<span id=\"dropcap-counter-1\" class=\"g1-dropcap g1-type-simple\" ><span>A<\/span><\/span>ls gepr\u00fcfter Bildungstr\u00e4ger in den Bereichen \u201eEnglischkurs mit Bildungsgutschein\u201c und &#8222;Englisch mit AVGS&#8220; bietet die BERLIN SCHOOL OF ENGLISH zertifizierte Ma\u00dfnahmen an. Diese k\u00f6nnen Sie mit einem Bildungsgutschein oder einem Aktivierungs- und Vermittlungsgutschein (AVGS) der Jobcenter oder der Agenturen f\u00fcr Arbeit buchen.<\/p>\n<p>Ziel der Englischkurse mit Bildungsgutschein und AVGS ist es, die vorhandenen Kenntnisse in Gesch\u00e4ftsenglisch aufzufrischen und zu verbessern sowie die im Arbeitsleben ben\u00f6tigten Soft Skills zu entwickeln. Auf diese Weise trainieren wir unsere Kursteilnehmer professionell f\u00fcr den Arbeitsmarkt.<br \/>\nDie BERLIN SCHOOL OF ENGLISH verf\u00fcgt \u00fcber folgende Zulassungen\/ Zertifizierungen:<\/p>\n\n<ul class=\"g1-type-heart\">\n<li>Zertifizierung unseres Qualit\u00e4tsmanagementsystems<\/li>\n<li>Zulassung als Tr\u00e4ger nach dem Recht der Arbeitsf\u00f6rderung f\u00fcr FB1 Aktivierung und berufliche Eingliederung sowie FB4 berufliche Weiterbildung gem\u00e4\u00df Anerkennungs- und Zulassungsverordnung berufliche Weiterbildung (AZAV)<\/li>\n<li>Zulassung von insgesamt 11 Kursen als Ma\u00dfnahmen der beruflichen Weiterbildung oder Ma\u00dfnahmen zur Aktivierung und beruflichen Eingliederung (gem\u00e4\u00df AZAV)<\/li>\n<\/ul>\n\n<p>Damit erf\u00fcllt die BERLIN SCHOOL OF ENGLISH die Kriterien f\u00fcr die F\u00f6rderung ihrer Kurse durch:<\/p>\n\n<ul class=\"g1-type-heart\">\n<li>Bildungsgutscheine aus Mitteln der Agenturen f\u00fcr Arbeit\/ Jobcenter<\/li>\n<li>Aktivierungs- und Vermittlungsgutscheine aus Mitteln der Agenturen f\u00fcr Arbeit\/ Jobcenter<\/li>\n<\/ul>\n\n<p>Unser Angebot umfasst:<\/p>\n\n<ul class=\"g1-type-heart\">\n<li>Vollzeit-Englischkurse (Gruppe) mit Bildungsgutschein von unterschiedlicher Kursdauer,<\/li>\n<li>Vollzeit-Englischkurse (Einzel) mit AVGS von unterschiedlicher Kursdauer<\/li>\n<li>Teilzeit-Englischkurse (Einzel) mit AVGS von unterschiedlicher Kursdauer<\/li>\n<li>f\u00fcr alle Sprachkompetenzstufen und<\/li>\n<li>mit individuellem Kursbeginn alle 14 Tage (Gruppenma\u00dfnahmen mit Bildungsgutschein) bzw. w\u00f6chentlich (Einzelma\u00dfnahmen mit AVGS).<\/li>\n<\/ul>\n\n<p>Folgende Ma\u00dfnahmen k\u00f6nnen Sie mit einem Bildungsgutschein buchen:<\/p>\n<ul class=\"g1-grid\"><li class=\"g1-column g1-one-fourth g1-valign-top\">\n<p><img loading=\"lazy\" decoding=\"async\" class=\"wp-image-2771\" style=\"margin-top: 13px;\" src=\"http:\/\/berlin.school-of-english.de\/pages\/wp-content\/uploads\/BusinessEnglisch-Lehrmaterial.jpg\" alt=\"BusinessEnglisch-Lehrmaterial\" width=\"193\" height=\"120\" srcset=\"https:\/\/berlin.school-of-english.de\/pages\/wp-content\/uploads\/BusinessEnglisch-Lehrmaterial.jpg 402w, https:\/\/berlin.school-of-english.de\/pages\/wp-content\/uploads\/BusinessEnglisch-Lehrmaterial-300x186.jpg 300w\" sizes=\"auto, (max-width: 193px) 100vw, 193px\" \/><\/p>\n<\/li><!-- --><li class=\"g1-column g1-three-fourth g1-valign-top\">\n<p><strong>Englischkurse mit Bildungsgutschein:<\/strong><br \/>\n1. Englisch f\u00fcr den Beruf &#8211; 4 Wochen Vollzeit, 172 Unterrichtsstunden (Ma\u00dfnahmenummer: <strong>962-552-2024<\/strong>)<br \/>\n2. Englisch f\u00fcr den Beruf &#8211; 8 Wochen Vollzeit, 344 Unterrichtsstunden (Ma\u00dfnahmenummer: <strong>962-542-2024<\/strong>)<br \/>\n3. Englisch f\u00fcr den Beruf &#8211; 12 Wochen Vollzeit, 516 Unterrichtsstunden (Ma\u00dfnahmenummer: <strong>962-538-2024<\/strong>)<\/p>\n<\/li><!-- --><\/ul>\n<p>Pro Bildungsgutschein k\u00f6nnen Sie nur einen Englischkurs buchen, der ohne Unterbrechung durchgef\u00fchrt wird. Die Unterrichtszeiten sind jeweils Montag-Freitag von 9.30-17.00 Uhr. An gesetzlichen Feiertagen findet kein Unterricht statt. Die ausfallenden Unterrichtsstunden werden nachgeholt.<\/p>\n<p>Dar\u00fcber hinaus k\u00f6nnen Sie unseren Ausbildungskurs zum Englischtrainer f\u00fcr Erwachsene als gef\u00f6rderte Ma\u00dfnahme buchen (Ma\u00dfnahmenummer CELTA: 962-641-2024).<\/p>\n<p><strong>Lehrerausbildungskurse (CELTA-Training):<\/strong><br \/>\n1. Cambridge University CELTA-Kurs, 4 Wochen Vollzeit, 9.00-18.00 Uhr, Start auf Anfrage<br \/>\n2. Cambridge University CELTA-Kurs, 13 Wochen, Di, Do und Sa, Start auf Anfrage<\/p>\n<p>Folgende Ma\u00dfnahmen k\u00f6nnen Sie mit einem Aktivierungs- und Vermittlungsgutschein buchen:<\/p>\n<p><strong>Englischkurse mit AVGS:<\/strong><br \/>\n1. Activate your Business English &#8211; 4 Wochen Teilzeit Einzel im Pr\u00e4zenz, 80 Unterrichtsstunden (Ma\u00dfnahmenummer: <strong>962-165-24<\/strong>)<br \/>\n2. Activate your Business English &#8211; 8 Wochen Teilzeit Einzel im Pr\u00e4zenz, 160 Unterrichtsstunden (Ma\u00dfnahmenummer: <strong>962-140-24<\/strong>)<br \/>\n3. Activate your Business English &#8211; 8 Wochen Teilzeit Einzel Virtuell (Online), 160 Unterrichtsstunden (Ma\u00dfnahmenummer: <strong>962-147-24<\/strong>)<br \/>\n4. Activate your Business English &#8211; 8 Wochen Teilzeit Einzel Hybrid (Pr\u00e4zenz und Online), 160 Unterrichtsstunden (Ma\u00dfnahmenummer: <strong>962-145-24<\/strong>)<\/p>\n<p>Pro AVGS k\u00f6nnen Sie nur einen Englischkurs buchen, der ohne Unterbrechung durchgef\u00fchrt wird. Die Unterrichtszeiten sind jeweils Montag-Freitag von 9.30-17.00 Uhr f\u00fcr die Vollzeitma\u00dfnahmen bzw. flexibel zu vereinbaren mit 2 Einheiten \u00e0 90 Minuten pro Tag. An gesetzlichen Feiertagen findet kein Unterricht statt. Die dadurch ausfallenden Unterrichtsstunden werden nachgeholt.<\/p>\n<p>Sie finden unsere Kurse und unser gesamtes, f\u00fcr die F\u00f6rderung mittels Bildungsgutschein bei <a title=\"BGS Kurse bei MeinNow\" href=\"https:\/\/mein-now.de\/weiterbildungssuche\/?seite=0&amp;sw=englisch%20f%C3%BCr%20den%20beruf%20berlin%20school%20of%20english&amp;angebot=10313461482\" target=\"_blank\" rel=\"noopener\">MeinNow<\/a> und f\u00fcr AVGS Kurse im <a title=\"AVGS Kurse Kursnet\" href=\"https:\/\/web.arbeitsagentur.de\/coachingundaktivierung\/suche\/aktivierungsangebot\/312876478?mz=SA%2001&amp;uk=Bundesweit&amp;pg=0&amp;ssw=Activate%2520your%2520business%2520english\" target=\"_blank\" rel=\"noopener\">Kursnet<\/a> der Agenturen f\u00fcr Arbeit\u00a0unter der Anbieter-Nummer 81955.<\/p>\n<div id=\"testimonial-counter-1\" class=\"g1-testimonial g1-type-bubble g1-size-small\" ><div class=\"g1-inner\">\n<p>F\u00fcr detaillierte Informationen zum Thema Englischkurse mit Bildungsgutschein oder Aktivierungs- und Vermittlungsgutschein AVGS stehen wir Ihnen sowohl telefonisch unter <a href=\"tel:+49302290455\">+49 30 22 90 455<\/a> als auch unter <a href=\"&#x6d;&#97;i&#x6c;&#116;&#111;&#x3a;&#x69;&#110;f&#x6f;&#64;b&#x65;&#x72;&#108;i&#x6e;&#46;s&#x63;&#x68;&#111;o&#x6c;&#45;o&#x66;&#x2d;&#101;n&#x67;&#108;i&#x73;&#x68;&#46;&#x64;&#x65;?subject=Englischkurs mit Bildungsgutschein\">&#x69;&#x6e;&#x66;&#x6f;&#64;&#98;&#101;&#114;lin&#x2e;&#x73;&#x63;&#x68;&#x6f;&#111;&#108;&#45;of-&#x65;&#x6e;&#x67;&#x6c;&#x69;&#115;&#104;&#46;de<\/a> zur Verf\u00fcgung.<\/p>\n<div class=\"g1-meta helper\">&#8220;<\/div><\/div><p class=\"meta\"><\/p><\/div>\n","protected":false},"excerpt":{"rendered":"<p>ls gepr\u00fcfter Bildungstr\u00e4ger in den Bereichen \u201eEnglischkurs mit Bildungsgutschein\u201c und &#8222;Englisch mit AVGS&#8220; bietet die BERLIN SCHOOL OF ENGLISH zertifizierte Ma\u00dfnahmen an. Diese k\u00f6nnen Sie mit einem Bildungsgutschein oder einem Aktivierungs- und Vermittlungsgutschein (AVGS) der Jobcenter oder der Agenturen f\u00fcr Arbeit buchen. Ziel der Englischkurse mit Bildungsgutschein und AVGS ist es, die vorhandenen Kenntnisse in [&hellip;]<\/p>\n","protected":false},"author":6,"featured_media":0,"parent":1671,"menu_order":30,"comment_status":"closed","ping_status":"closed","template":"g1_template_page_nav_left.php","meta":{"footnotes":""},"class_list":["post-2320","page","type-page","status-publish","hentry"],"aioseo_notices":[],"_links":{"self":[{"href":"https:\/\/berlin.school-of-english.de\/pages\/wp-json\/wp\/v2\/pages\/2320","targetHints":{"allow":["GET"]}}],"collection":[{"href":"https:\/\/berlin.school-of-english.de\/pages\/wp-json\/wp\/v2\/pages"}],"about":[{"href":"https:\/\/berlin.school-of-english.de\/pages\/wp-json\/wp\/v2\/types\/page"}],"author":[{"embeddable":true,"href":"https:\/\/berlin.school-of-english.de\/pages\/wp-json\/wp\/v2\/users\/6"}],"replies":[{"embeddable":true,"href":"https:\/\/berlin.school-of-english.de\/pages\/wp-json\/wp\/v2\/comments?post=2320"}],"version-history":[{"count":80,"href":"https:\/\/berlin.school-of-english.de\/pages\/wp-json\/wp\/v2\/pages\/2320\/revisions"}],"predecessor-version":[{"id":6821,"href":"https:\/\/berlin.school-of-english.de\/pages\/wp-json\/wp\/v2\/pages\/2320\/revisions\/6821"}],"up":[{"embeddable":true,"href":"https:\/\/berlin.school-of-english.de\/pages\/wp-json\/wp\/v2\/pages\/1671"}],"wp:attachment":[{"href":"https:\/\/berlin.school-of-english.de\/pages\/wp-json\/wp\/v2\/media?parent=2320"}],"curies":[{"name":"wp","href":"https:\/\/api.w.org\/{rel}","templated":true}]}}