{"id":5943,"date":"2020-04-03T11:32:43","date_gmt":"2020-04-03T09:32:43","guid":{"rendered":"https:\/\/berlin.school-of-english.de\/pages\/?page_id=5943"},"modified":"2025-09-12T13:43:37","modified_gmt":"2025-09-12T11:43:37","slug":"online-kurse-fuer-arbeitssuchende-deutschlandweit","status":"publish","type":"page","link":"https:\/\/berlin.school-of-english.de\/pages\/kurse\/sprachkurse-bei-der-bse\/online-kurse-fuer-arbeitssuchende-deutschlandweit\/","title":{"rendered":"Online-Kurse f\u00fcr Arbeitssuchende deutschlandweit"},"content":{"rendered":"<p>\n<style type=\"text\/css\">#dropcap-counter-1.g1-dropcap.g1-type-simple,\n#dropcap-counter-1.g1-dropcap.g1-type-square {\ncolor: #072b79;\n}\n<\/style>\n<span id=\"dropcap-counter-1\" class=\"g1-dropcap g1-type-simple\" ><span>D<\/span><\/span>ie BERLIN SCHOOL OF ENGLISH bietet f\u00fcr Arbeitssuchende eine Reihe von zertifizierten Business English Online-Kursen, die mit einem AVGS (Aktivierungs und Vermittlungsgutschein) gef\u00f6rdert werden.<br \/>\nDiese Gutscheine werden durch die Agentur f\u00fcr Arbeit und Jobcenter ausgegeben. Ziel dieser Online-Kurse ist es, die Englischkenntnisse der Teilnehmenden auf einen anwendungssicheren Stand zu bringen und gleicherma\u00dfen Soft Skills zu entwickeln und zu f\u00f6rdern, die auf dem Arbeitsmarkt gefordert sind.<\/p>\n<p>Wir bieten:<br \/>\n\n<ul class=\"g1-type-heart\">\n<li><strong>Online-Kurse<\/strong> im Einzeltraining<\/li>\n<li>Online-Kurse in <strong>allen Kenntnisstufen<\/strong><\/li>\n<li>Starttermine, die sich <strong>nach Ihrer Zeitplanung<\/strong> richten<\/li>\n<li>Zertifizierte Kurse, die f\u00fcr Teilnehmer deutschlandweit verf\u00fcgbar sind<\/li>\n<\/ul>\n<\/p>\n<p><img loading=\"lazy\" decoding=\"async\" class=\"alignright size-medium wp-image-5944\" src=\"https:\/\/berlin.school-of-english.de\/pages\/wp-content\/uploads\/tuev-300x224.jpg\" alt=\"\" width=\"300\" height=\"224\" srcset=\"https:\/\/berlin.school-of-english.de\/pages\/wp-content\/uploads\/tuev-300x224.jpg 300w, https:\/\/berlin.school-of-english.de\/pages\/wp-content\/uploads\/tuev.jpg 380w\" sizes=\"auto, (max-width: 300px) 100vw, 300px\" \/>Durch die Erf\u00fcllung folgender Kriterien stellen wir sicher, dass Teilnehmende Englischkurse h\u00f6chster Qualit\u00e4t erhalten:<\/p>\n\n<ul class=\"g1-type-heart\">\n<li>Das <strong>Qualit\u00e4tsmanagementsystem<\/strong> der BERLIN SCHOOL OF ENGLISH ist zertifiziert.<\/li>\n<li>Die Schule verf\u00fcgt \u00fcber die <strong>Tr\u00e4gerzulassung<\/strong> nach Definition der Akkreditierungs- und Zulassungsverordnung Arbeitsf\u00f6rderung (AZAV) im Auftrag der Bundesagentur f\u00fcr Arbeit.<\/li>\n<li>Dar\u00fcber haben wir f\u00fcr alle unten gelistete AVGS-Einzelkurse die <strong>Ma\u00dfnahmezulassung<\/strong> nach AZAV vorliegen. Best\u00e4tigt durch \u00c4quivalenzbescheinigungen von M\u00e4rz 2020 d\u00fcrfen wir diese Kurse nunmehr auch als Online-Kurse durchf\u00fchren.<\/li>\n<\/ul>\n\n<p>Die BERLIN SCHOOL OF ENGLISH akzeptiert f\u00fcr gef\u00f6rderte Online-Kurse Teilnehmende, die von Ihrer Agentur f\u00fcr Arbeit\/ von ihrem Jobcenter mit einem Aktivierungs- und Vermittlungsgutschein (AVGS) ausgestattet werden.<\/p>\n<p><img loading=\"lazy\" decoding=\"async\" class=\"alignright size-medium wp-image-5954\" src=\"https:\/\/berlin.school-of-english.de\/pages\/wp-content\/uploads\/business_result_books-300x187.jpg\" alt=\"\" width=\"300\" height=\"187\" srcset=\"https:\/\/berlin.school-of-english.de\/pages\/wp-content\/uploads\/business_result_books-300x187.jpg 300w, https:\/\/berlin.school-of-english.de\/pages\/wp-content\/uploads\/business_result_books.jpg 402w\" sizes=\"auto, (max-width: 300px) 100vw, 300px\" \/>Sie k\u00f6nnen Ihren AVGS f\u00fcr die folgenden Ma\u00dfnahmen verwenden:<\/p>\n\n<ol class=\"g1-type-heart\">\n<li>Activate your Business English: 8 Wochen Teilzeit Einzel im Pr\u00e4zenz (Ma\u00dfnahmenummer: 962\/140\/24)<\/li>\n<li>Activate your Business English: 8 Wochen Teilzeit Einzel im Hybrid (Ma\u00dfnahmenummer: 962\/145\/24)<\/li>\n<li>Activate your Business English: 8 Wochen Teilzeit Einzel im Virtuell (Ma\u00dfnahmenummer: 962\/147\/24)<\/li>\n<li>Activate your Business English: 4 Wochen Teilzeit Einzel im Pr\u00e4zenz (Ma\u00dfnahmenummer: 962\/165\/24<\/li>\n<li>Activate your Business English: 4 Wochen Vollzeit Einzel im Hybrid (Ma\u00dfnahmenummer: wird beantragt<\/li>\n<li>Activate your Business English: 4 Wochen Vollzeit Einzel im Hybrid (Ma\u00dfnahmenummer: wird beantragt<br \/>\n<\/li>\n<\/ol>\n<p>Ein Aktivierungs- und Vermittlungsgutschein gilt f\u00fcr den Besuch einer Ma\u00dfnahme, die ohne Unterbrechung durchgef\u00fchrt werden muss. An gesetzlichen Feiertagen findet kein Unterricht statt.<br \/>\nAlle Informationen zu unseren Ma\u00dfnahmen mit AVGS und Bildungsgutschein finden Sie auch in KURSNET unter der Anbieternummer 81955.<\/p>\n<div id=\"testimonial-counter-1\" class=\"g1-testimonial g1-type-bubble g1-size-small\" ><div class=\"g1-inner\">\n<p>Detaillierte Informationen erhalten Sie unter <a href=\"tel:+49302290455\">+49 30 22 90 455<\/a> oder per E-Mail an <a href=\"m&#97;&#105;&#x6c;&#x74;&#x6f;:i&#110;&#102;&#x6f;&#x40;&#x62;e&#114;&#108;&#105;&#x6e;&#x2e;&#x73;c&#104;&#111;&#x6f;&#x6c;&#x2d;of&#45;&#101;&#x6e;&#x67;&#x6c;i&#115;&#104;&#46;&#x64;&#x65;?subject=Englischkurs mit Bildungsgutschein\">&#x69;n&#x66;&#111;&#x40;&#98;e&#x72;l&#x69;&#110;&#x2e;&#115;c&#x68;&#111;&#x6f;&#108;-&#x6f;f&#x2d;&#101;&#x6e;&#103;l&#x69;s&#x68;&#46;&#x64;&#x65;<\/a>.<\/p>\n<div class=\"g1-meta helper\">&#8220;<\/div><\/div><p class=\"meta\"><\/p><\/div>\n","protected":false},"excerpt":{"rendered":"<p>ie BERLIN SCHOOL OF ENGLISH bietet f\u00fcr Arbeitssuchende eine Reihe von zertifizierten Business English Online-Kursen, die mit einem AVGS (Aktivierungs und Vermittlungsgutschein) gef\u00f6rdert werden. Diese Gutscheine werden durch die Agentur f\u00fcr Arbeit und Jobcenter ausgegeben. Ziel dieser Online-Kurse ist es, die Englischkenntnisse der Teilnehmenden auf einen anwendungssicheren Stand zu bringen und gleicherma\u00dfen Soft Skills zu [&hellip;]<\/p>\n","protected":false},"author":6,"featured_media":0,"parent":1671,"menu_order":35,"comment_status":"closed","ping_status":"closed","template":"g1_template_page_nav_left.php","meta":{"footnotes":""},"class_list":["post-5943","page","type-page","status-publish","hentry"],"aioseo_notices":[],"_links":{"self":[{"href":"https:\/\/berlin.school-of-english.de\/pages\/wp-json\/wp\/v2\/pages\/5943","targetHints":{"allow":["GET"]}}],"collection":[{"href":"https:\/\/berlin.school-of-english.de\/pages\/wp-json\/wp\/v2\/pages"}],"about":[{"href":"https:\/\/berlin.school-of-english.de\/pages\/wp-json\/wp\/v2\/types\/page"}],"author":[{"embeddable":true,"href":"https:\/\/berlin.school-of-english.de\/pages\/wp-json\/wp\/v2\/users\/6"}],"replies":[{"embeddable":true,"href":"https:\/\/berlin.school-of-english.de\/pages\/wp-json\/wp\/v2\/comments?post=5943"}],"version-history":[{"count":11,"href":"https:\/\/berlin.school-of-english.de\/pages\/wp-json\/wp\/v2\/pages\/5943\/revisions"}],"predecessor-version":[{"id":6834,"href":"https:\/\/berlin.school-of-english.de\/pages\/wp-json\/wp\/v2\/pages\/5943\/revisions\/6834"}],"up":[{"embeddable":true,"href":"https:\/\/berlin.school-of-english.de\/pages\/wp-json\/wp\/v2\/pages\/1671"}],"wp:attachment":[{"href":"https:\/\/berlin.school-of-english.de\/pages\/wp-json\/wp\/v2\/media?parent=5943"}],"curies":[{"name":"wp","href":"https:\/\/api.w.org\/{rel}","templated":true}]}}